{"id":2274,"date":"2024-02-09T16:58:32","date_gmt":"2024-02-09T13:58:32","guid":{"rendered":"https:\/\/www.eybainsaat.com\/?page_id=2274"},"modified":"2024-02-13T14:00:33","modified_gmt":"2024-02-13T11:00:33","slug":"otel-alacart-projesi","status":"publish","type":"page","link":"https:\/\/www.eybainsaat.com\/index.php\/otel-alacart-projesi\/","title":{"rendered":"Otel Alacart Projesi"},"content":{"rendered":"\t\t<div data-elementor-type=\"wp-page\" data-elementor-id=\"2274\" class=\"elementor elementor-2274\">\n\t\t\t\t\t\t\t\t\t<section class=\"elementor-section elementor-top-section elementor-element elementor-element-ab70964 elementor-section-boxed elementor-section-height-default elementor-section-height-default\" data-id=\"ab70964\" data-element_type=\"section\" data-settings=\"{&quot;background_background&quot;:&quot;classic&quot;}\">\n\t\t\t\t\t\t\t<div class=\"elementor-background-overlay\"><\/div>\n\t\t\t\t\t\t\t<div class=\"elementor-container elementor-column-gap-default\">\n\t\t\t\t\t<div class=\"elementor-column elementor-col-100 elementor-top-column elementor-element elementor-element-6bb0a9f\" data-id=\"6bb0a9f\" data-element_type=\"column\">\n\t\t\t<div class=\"elementor-widget-wrap elementor-element-populated\">\n\t\t\t\t\t\t\t\t<section class=\"elementor-section elementor-inner-section elementor-element elementor-element-bc82d8f elementor-section-boxed elementor-section-height-default elementor-section-height-default\" data-id=\"bc82d8f\" data-element_type=\"section\">\n\t\t\t\t\t\t<div class=\"elementor-container elementor-column-gap-default\">\n\t\t\t\t\t<div class=\"elementor-column elementor-col-50 elementor-inner-column elementor-element elementor-element-98af909\" data-id=\"98af909\" data-element_type=\"column\">\n\t\t\t<div class=\"elementor-widget-wrap elementor-element-populated\">\n\t\t\t\t\t\t\t\t<div class=\"elementor-element elementor-element-6a84309 elementor-widget elementor-widget-heading\" data-id=\"6a84309\" data-element_type=\"widget\" data-widget_type=\"heading.default\">\n\t\t\t\t<div class=\"elementor-widget-container\">\n\t\t\t<style>\/*! elementor - v3.18.0 - 20-12-2023 *\/\n.elementor-heading-title{padding:0;margin:0;line-height:1}.elementor-widget-heading .elementor-heading-title[class*=elementor-size-]>a{color:inherit;font-size:inherit;line-height:inherit}.elementor-widget-heading .elementor-heading-title.elementor-size-small{font-size:15px}.elementor-widget-heading .elementor-heading-title.elementor-size-medium{font-size:19px}.elementor-widget-heading .elementor-heading-title.elementor-size-large{font-size:29px}.elementor-widget-heading .elementor-heading-title.elementor-size-xl{font-size:39px}.elementor-widget-heading .elementor-heading-title.elementor-size-xxl{font-size:59px}<\/style><h2 class=\"elementor-heading-title elementor-size-small\">Otel Alacart Restaurant<\/h2>\t\t<\/div>\n\t\t\t\t<\/div>\n\t\t\t\t\t<\/div>\n\t\t<\/div>\n\t\t\t\t<div class=\"elementor-column elementor-col-50 elementor-inner-column elementor-element elementor-element-aba0fcb\" data-id=\"aba0fcb\" data-element_type=\"column\">\n\t\t\t<div class=\"elementor-widget-wrap\">\n\t\t\t\t\t\t\t\t\t<\/div>\n\t\t<\/div>\n\t\t\t\t\t\t\t<\/div>\n\t\t<\/section>\n\t\t\t\t\t<\/div>\n\t\t<\/div>\n\t\t\t\t\t\t\t<\/div>\n\t\t<\/section>\n\t\t<div class=\"elementor-element elementor-element-34cbb19 e-flex e-con-boxed e-con e-parent\" data-id=\"34cbb19\" data-element_type=\"container\" data-settings=\"{&quot;content_width&quot;:&quot;boxed&quot;}\" data-core-v316-plus=\"true\">\n\t\t\t\t\t<div class=\"e-con-inner\">\n\t\t\t\t<div class=\"elementor-element elementor-element-8b57c75 elementor-arrows-position-inside elementor-pagination-position-outside elementor-widget elementor-widget-image-carousel\" data-id=\"8b57c75\" data-element_type=\"widget\" data-settings=\"{&quot;slides_to_show&quot;:&quot;2&quot;,&quot;navigation&quot;:&quot;both&quot;,&quot;autoplay&quot;:&quot;yes&quot;,&quot;pause_on_hover&quot;:&quot;yes&quot;,&quot;pause_on_interaction&quot;:&quot;yes&quot;,&quot;autoplay_speed&quot;:5000,&quot;infinite&quot;:&quot;yes&quot;,&quot;speed&quot;:500}\" data-widget_type=\"image-carousel.default\">\n\t\t\t\t<div class=\"elementor-widget-container\">\n\t\t\t<style>\/*! elementor - v3.18.0 - 20-12-2023 *\/\n.elementor-widget-image-carousel .swiper,.elementor-widget-image-carousel .swiper-container{position:static}.elementor-widget-image-carousel .swiper-container .swiper-slide figure,.elementor-widget-image-carousel .swiper .swiper-slide figure{line-height:inherit}.elementor-widget-image-carousel .swiper-slide{text-align:center}.elementor-image-carousel-wrapper:not(.swiper-container-initialized):not(.swiper-initialized) .swiper-slide{max-width:calc(100% \/ var(--e-image-carousel-slides-to-show, 3))}<\/style>\t\t<div class=\"elementor-image-carousel-wrapper swiper\" dir=\"ltr\">\n\t\t\t<div class=\"elementor-image-carousel swiper-wrapper swiper-image-stretch\" aria-live=\"off\">\n\t\t\t\t\t\t\t\t<div class=\"swiper-slide\" role=\"group\" aria-roledescription=\"slide\" aria-label=\"1 \/ 11\"><a data-elementor-open-lightbox=\"yes\" data-elementor-lightbox-slideshow=\"8b57c75\" data-elementor-lightbox-title=\"Otel Genel Mekan WC4\" data-e-action-hash=\"#elementor-action%3Aaction%3Dlightbox%26settings%3DeyJpZCI6MjIyNywidXJsIjoiaHR0cHM6XC9cL3d3dy5leWJhaW5zYWF0LmNvbVwvd3AtY29udGVudFwvdXBsb2Fkc1wvMjAyNFwvMDFcL090ZWwtR2VuZWwtTWVrYW4tV0M0LWUxNzA2NzEyMTE1OTEyLmpwZWciLCJzbGlkZXNob3ciOiI4YjU3Yzc1In0%3D\" href=\"https:\/\/www.eybainsaat.com\/wp-content\/uploads\/2024\/01\/Otel-Genel-Mekan-WC4-e1706712115912.jpeg\"><figure class=\"swiper-slide-inner\"><img decoding=\"async\" class=\"swiper-slide-image\" src=\"https:\/\/www.eybainsaat.com\/wp-content\/uploads\/2024\/01\/Otel-Genel-Mekan-WC4-e1706712115912.jpeg\" alt=\"Otel Genel Mekan WC4\" \/><\/figure><\/a><\/div><div class=\"swiper-slide\" role=\"group\" aria-roledescription=\"slide\" aria-label=\"2 \/ 11\"><a data-elementor-open-lightbox=\"yes\" data-elementor-lightbox-slideshow=\"8b57c75\" data-elementor-lightbox-title=\"Otel Genel Mekan WC3\" data-e-action-hash=\"#elementor-action%3Aaction%3Dlightbox%26settings%3DeyJpZCI6MjIyNiwidXJsIjoiaHR0cHM6XC9cL3d3dy5leWJhaW5zYWF0LmNvbVwvd3AtY29udGVudFwvdXBsb2Fkc1wvMjAyNFwvMDFcL090ZWwtR2VuZWwtTWVrYW4tV0MzLWUxNzA2NzEyMDc4OTA1LmpwZWciLCJzbGlkZXNob3ciOiI4YjU3Yzc1In0%3D\" href=\"https:\/\/www.eybainsaat.com\/wp-content\/uploads\/2024\/01\/Otel-Genel-Mekan-WC3-e1706712078905.jpeg\"><figure class=\"swiper-slide-inner\"><img decoding=\"async\" class=\"swiper-slide-image\" src=\"https:\/\/www.eybainsaat.com\/wp-content\/uploads\/2024\/01\/Otel-Genel-Mekan-WC3-e1706712078905.jpeg\" alt=\"Otel Genel Mekan WC3\" \/><\/figure><\/a><\/div><div class=\"swiper-slide\" role=\"group\" aria-roledescription=\"slide\" aria-label=\"3 \/ 11\"><a data-elementor-open-lightbox=\"yes\" data-elementor-lightbox-slideshow=\"8b57c75\" data-elementor-lightbox-title=\"Otel Genel Mekan WC2\" data-e-action-hash=\"#elementor-action%3Aaction%3Dlightbox%26settings%3DeyJpZCI6MjIyNSwidXJsIjoiaHR0cHM6XC9cL3d3dy5leWJhaW5zYWF0LmNvbVwvd3AtY29udGVudFwvdXBsb2Fkc1wvMjAyNFwvMDFcL090ZWwtR2VuZWwtTWVrYW4tV0MyLWUxNzA2NzgzNzY0ODg1LmpwZWciLCJzbGlkZXNob3ciOiI4YjU3Yzc1In0%3D\" href=\"https:\/\/www.eybainsaat.com\/wp-content\/uploads\/2024\/01\/Otel-Genel-Mekan-WC2-e1706783764885.jpeg\"><figure class=\"swiper-slide-inner\"><img decoding=\"async\" class=\"swiper-slide-image\" src=\"https:\/\/www.eybainsaat.com\/wp-content\/uploads\/2024\/01\/Otel-Genel-Mekan-WC2-e1706783764885.jpeg\" alt=\"Otel Genel Mekan WC2\" \/><\/figure><\/a><\/div><div class=\"swiper-slide\" role=\"group\" aria-roledescription=\"slide\" aria-label=\"4 \/ 11\"><a data-elementor-open-lightbox=\"yes\" data-elementor-lightbox-slideshow=\"8b57c75\" data-elementor-lightbox-title=\"Otel Genel Mekan WC1\" data-e-action-hash=\"#elementor-action%3Aaction%3Dlightbox%26settings%3DeyJpZCI6MjIyNCwidXJsIjoiaHR0cHM6XC9cL3d3dy5leWJhaW5zYWF0LmNvbVwvd3AtY29udGVudFwvdXBsb2Fkc1wvMjAyNFwvMDFcL090ZWwtR2VuZWwtTWVrYW4tV0MxLWUxNzA2NzgzODE3MTU4LmpwZWciLCJzbGlkZXNob3ciOiI4YjU3Yzc1In0%3D\" href=\"https:\/\/www.eybainsaat.com\/wp-content\/uploads\/2024\/01\/Otel-Genel-Mekan-WC1-e1706783817158.jpeg\"><figure class=\"swiper-slide-inner\"><img decoding=\"async\" class=\"swiper-slide-image\" src=\"https:\/\/www.eybainsaat.com\/wp-content\/uploads\/2024\/01\/Otel-Genel-Mekan-WC1-e1706783817158.jpeg\" alt=\"Otel Genel Mekan WC1\" \/><\/figure><\/a><\/div><div class=\"swiper-slide\" role=\"group\" aria-roledescription=\"slide\" aria-label=\"5 \/ 11\"><a data-elementor-open-lightbox=\"yes\" data-elementor-lightbox-slideshow=\"8b57c75\" data-elementor-lightbox-title=\"Otel Alacart Proje13\" data-e-action-hash=\"#elementor-action%3Aaction%3Dlightbox%26settings%3DeyJpZCI6MjIyMywidXJsIjoiaHR0cHM6XC9cL3d3dy5leWJhaW5zYWF0LmNvbVwvd3AtY29udGVudFwvdXBsb2Fkc1wvMjAyNFwvMDFcL090ZWwtQWxhY2FydC1Qcm9qZTEzLWUxNzA2NzgzODQxNDk1LmpwZyIsInNsaWRlc2hvdyI6IjhiNTdjNzUifQ%3D%3D\" href=\"https:\/\/www.eybainsaat.com\/wp-content\/uploads\/2024\/01\/Otel-Alacart-Proje13-e1706783841495.jpg\"><figure class=\"swiper-slide-inner\"><img decoding=\"async\" class=\"swiper-slide-image\" src=\"https:\/\/www.eybainsaat.com\/wp-content\/uploads\/2024\/01\/Otel-Alacart-Proje13-e1706783841495.jpg\" alt=\"Otel Alacart Proje13\" \/><\/figure><\/a><\/div><div class=\"swiper-slide\" role=\"group\" aria-roledescription=\"slide\" aria-label=\"6 \/ 11\"><a data-elementor-open-lightbox=\"yes\" data-elementor-lightbox-slideshow=\"8b57c75\" data-elementor-lightbox-title=\"Otel Alacart Proje11\" data-e-action-hash=\"#elementor-action%3Aaction%3Dlightbox%26settings%3DeyJpZCI6MjIyMiwidXJsIjoiaHR0cHM6XC9cL3d3dy5leWJhaW5zYWF0LmNvbVwvd3AtY29udGVudFwvdXBsb2Fkc1wvMjAyNFwvMDFcL090ZWwtQWxhY2FydC1Qcm9qZTExLWUxNzA2NzgzODY2NTQzLmpwZyIsInNsaWRlc2hvdyI6IjhiNTdjNzUifQ%3D%3D\" href=\"https:\/\/www.eybainsaat.com\/wp-content\/uploads\/2024\/01\/Otel-Alacart-Proje11-e1706783866543.jpg\"><figure class=\"swiper-slide-inner\"><img decoding=\"async\" class=\"swiper-slide-image\" src=\"https:\/\/www.eybainsaat.com\/wp-content\/uploads\/2024\/01\/Otel-Alacart-Proje11-e1706783866543.jpg\" alt=\"Otel Alacart Proje11\" \/><\/figure><\/a><\/div><div class=\"swiper-slide\" role=\"group\" aria-roledescription=\"slide\" aria-label=\"7 \/ 11\"><a data-elementor-open-lightbox=\"yes\" data-elementor-lightbox-slideshow=\"8b57c75\" data-elementor-lightbox-title=\"Otel Alacart Proje5\" data-e-action-hash=\"#elementor-action%3Aaction%3Dlightbox%26settings%3DeyJpZCI6MjIyMSwidXJsIjoiaHR0cHM6XC9cL3d3dy5leWJhaW5zYWF0LmNvbVwvd3AtY29udGVudFwvdXBsb2Fkc1wvMjAyNFwvMDFcL090ZWwtQWxhY2FydC1Qcm9qZTUtZTE3MDY3MTIwNjAyMzYuanBnIiwic2xpZGVzaG93IjoiOGI1N2M3NSJ9\" href=\"https:\/\/www.eybainsaat.com\/wp-content\/uploads\/2024\/01\/Otel-Alacart-Proje5-e1706712060236.jpg\"><figure class=\"swiper-slide-inner\"><img decoding=\"async\" class=\"swiper-slide-image\" src=\"https:\/\/www.eybainsaat.com\/wp-content\/uploads\/2024\/01\/Otel-Alacart-Proje5-e1706712060236.jpg\" alt=\"Otel Alacart Proje5\" \/><\/figure><\/a><\/div><div class=\"swiper-slide\" role=\"group\" aria-roledescription=\"slide\" aria-label=\"8 \/ 11\"><a data-elementor-open-lightbox=\"yes\" data-elementor-lightbox-slideshow=\"8b57c75\" data-elementor-lightbox-title=\"Otel Alacart Proje4\" data-e-action-hash=\"#elementor-action%3Aaction%3Dlightbox%26settings%3DeyJpZCI6MjIyMCwidXJsIjoiaHR0cHM6XC9cL3d3dy5leWJhaW5zYWF0LmNvbVwvd3AtY29udGVudFwvdXBsb2Fkc1wvMjAyNFwvMDFcL090ZWwtQWxhY2FydC1Qcm9qZTQtZTE3MDY3MTE5ODYxMzYuanBnIiwic2xpZGVzaG93IjoiOGI1N2M3NSJ9\" href=\"https:\/\/www.eybainsaat.com\/wp-content\/uploads\/2024\/01\/Otel-Alacart-Proje4-e1706711986136.jpg\"><figure class=\"swiper-slide-inner\"><img decoding=\"async\" class=\"swiper-slide-image\" src=\"https:\/\/www.eybainsaat.com\/wp-content\/uploads\/2024\/01\/Otel-Alacart-Proje4-e1706711986136.jpg\" alt=\"Otel Alacart Proje4\" \/><\/figure><\/a><\/div><div class=\"swiper-slide\" role=\"group\" aria-roledescription=\"slide\" aria-label=\"9 \/ 11\"><a data-elementor-open-lightbox=\"yes\" data-elementor-lightbox-slideshow=\"8b57c75\" data-elementor-lightbox-title=\"Otel Alacart Proje3\" data-e-action-hash=\"#elementor-action%3Aaction%3Dlightbox%26settings%3DeyJpZCI6MjIxOSwidXJsIjoiaHR0cHM6XC9cL3d3dy5leWJhaW5zYWF0LmNvbVwvd3AtY29udGVudFwvdXBsb2Fkc1wvMjAyNFwvMDFcL090ZWwtQWxhY2FydC1Qcm9qZTMtZTE3MDY3MTIwMTc0NDAuanBnIiwic2xpZGVzaG93IjoiOGI1N2M3NSJ9\" href=\"https:\/\/www.eybainsaat.com\/wp-content\/uploads\/2024\/01\/Otel-Alacart-Proje3-e1706712017440.jpg\"><figure class=\"swiper-slide-inner\"><img decoding=\"async\" class=\"swiper-slide-image\" src=\"https:\/\/www.eybainsaat.com\/wp-content\/uploads\/2024\/01\/Otel-Alacart-Proje3-e1706712017440.jpg\" alt=\"Otel Alacart Proje3\" \/><\/figure><\/a><\/div><div class=\"swiper-slide\" role=\"group\" aria-roledescription=\"slide\" aria-label=\"10 \/ 11\"><a data-elementor-open-lightbox=\"yes\" data-elementor-lightbox-slideshow=\"8b57c75\" data-elementor-lightbox-title=\"Otel Alacart Proje2\" data-e-action-hash=\"#elementor-action%3Aaction%3Dlightbox%26settings%3DeyJpZCI6MjIxOCwidXJsIjoiaHR0cHM6XC9cL3d3dy5leWJhaW5zYWF0LmNvbVwvd3AtY29udGVudFwvdXBsb2Fkc1wvMjAyNFwvMDFcL090ZWwtQWxhY2FydC1Qcm9qZTItZTE3MDY3MTE5MTIzMDMuanBnIiwic2xpZGVzaG93IjoiOGI1N2M3NSJ9\" href=\"https:\/\/www.eybainsaat.com\/wp-content\/uploads\/2024\/01\/Otel-Alacart-Proje2-e1706711912303.jpg\"><figure class=\"swiper-slide-inner\"><img decoding=\"async\" class=\"swiper-slide-image\" src=\"https:\/\/www.eybainsaat.com\/wp-content\/uploads\/2024\/01\/Otel-Alacart-Proje2-e1706711912303.jpg\" alt=\"Otel Alacart Proje2\" \/><\/figure><\/a><\/div><div class=\"swiper-slide\" role=\"group\" aria-roledescription=\"slide\" aria-label=\"11 \/ 11\"><a data-elementor-open-lightbox=\"yes\" data-elementor-lightbox-slideshow=\"8b57c75\" data-elementor-lightbox-title=\"Otel Alacart Proje1\" data-e-action-hash=\"#elementor-action%3Aaction%3Dlightbox%26settings%3DeyJpZCI6MjIxNywidXJsIjoiaHR0cHM6XC9cL3d3dy5leWJhaW5zYWF0LmNvbVwvd3AtY29udGVudFwvdXBsb2Fkc1wvMjAyNFwvMDFcL090ZWwtQWxhY2FydC1Qcm9qZTEtZTE3MDY3MTE5NDIxMTcuanBnIiwic2xpZGVzaG93IjoiOGI1N2M3NSJ9\" href=\"https:\/\/www.eybainsaat.com\/wp-content\/uploads\/2024\/01\/Otel-Alacart-Proje1-e1706711942117.jpg\"><figure class=\"swiper-slide-inner\"><img decoding=\"async\" class=\"swiper-slide-image\" src=\"https:\/\/www.eybainsaat.com\/wp-content\/uploads\/2024\/01\/Otel-Alacart-Proje1-e1706711942117.jpg\" alt=\"Otel Alacart Proje1\" \/><\/figure><\/a><\/div>\t\t\t<\/div>\n\t\t\t\t\t\t\t\t\t\t\t\t<div class=\"elementor-swiper-button elementor-swiper-button-prev\" role=\"button\" tabindex=\"0\">\n\t\t\t\t\t\t<svg aria-hidden=\"true\" class=\"e-font-icon-svg e-eicon-chevron-left\" viewBox=\"0 0 1000 1000\" xmlns=\"http:\/\/www.w3.org\/2000\/svg\"><path d=\"M646 125C629 125 613 133 604 142L308 442C296 454 292 471 292 487 292 504 296 521 308 533L604 854C617 867 629 875 646 875 663 875 679 871 692 858 704 846 713 829 713 812 713 796 708 779 692 767L438 487 692 225C700 217 708 204 708 187 708 171 704 154 692 142 675 129 663 125 646 125Z\"><\/path><\/svg>\t\t\t\t\t<\/div>\n\t\t\t\t\t<div class=\"elementor-swiper-button elementor-swiper-button-next\" role=\"button\" tabindex=\"0\">\n\t\t\t\t\t\t<svg aria-hidden=\"true\" class=\"e-font-icon-svg e-eicon-chevron-right\" viewBox=\"0 0 1000 1000\" xmlns=\"http:\/\/www.w3.org\/2000\/svg\"><path d=\"M696 533C708 521 713 504 713 487 713 471 708 454 696 446L400 146C388 133 375 125 354 125 338 125 325 129 313 142 300 154 292 171 292 187 292 204 296 221 308 233L563 492 304 771C292 783 288 800 288 817 288 833 296 850 308 863 321 871 338 875 354 875 371 875 388 867 400 854L696 533Z\"><\/path><\/svg>\t\t\t\t\t<\/div>\n\t\t\t\t\n\t\t\t\t\t\t\t\t\t<div class=\"swiper-pagination\"><\/div>\n\t\t\t\t\t\t\t\t\t<\/div>\n\t\t\t\t<\/div>\n\t\t\t\t<\/div>\n\t\t\t\t\t<\/div>\n\t\t\t\t<\/div>\n\t\t<div class=\"elementor-element elementor-element-b3ce4b5 e-flex e-con-boxed e-con e-parent\" data-id=\"b3ce4b5\" data-element_type=\"container\" data-settings=\"{&quot;content_width&quot;:&quot;boxed&quot;}\" data-core-v316-plus=\"true\">\n\t\t\t\t\t<div class=\"e-con-inner\">\n\t\t\t\t<div class=\"elementor-element elementor-element-7489caf elementor-widget elementor-widget-heading\" data-id=\"7489caf\" data-element_type=\"widget\" data-widget_type=\"heading.default\">\n\t\t\t\t<div class=\"elementor-widget-container\">\n\t\t\t<h2 class=\"elementor-heading-title elementor-size-default\">Proje Hakk\u0131nda<\/h2>\t\t<\/div>\n\t\t\t\t<\/div>\n\t\t\t\t<div class=\"elementor-element elementor-element-b8e00cf elementor-widget elementor-widget-text-editor\" data-id=\"b8e00cf\" data-element_type=\"widget\" data-widget_type=\"text-editor.default\">\n\t\t\t\t<div class=\"elementor-widget-container\">\n\t\t\t<style>\/*! elementor - v3.18.0 - 20-12-2023 *\/\n.elementor-widget-text-editor.elementor-drop-cap-view-stacked .elementor-drop-cap{background-color:#69727d;color:#fff}.elementor-widget-text-editor.elementor-drop-cap-view-framed .elementor-drop-cap{color:#69727d;border:3px solid;background-color:transparent}.elementor-widget-text-editor:not(.elementor-drop-cap-view-default) .elementor-drop-cap{margin-top:8px}.elementor-widget-text-editor:not(.elementor-drop-cap-view-default) .elementor-drop-cap-letter{width:1em;height:1em}.elementor-widget-text-editor .elementor-drop-cap{float:left;text-align:center;line-height:1;font-size:50px}.elementor-widget-text-editor .elementor-drop-cap-letter{display:inline-block}<\/style>\t\t\t\t<p>Projemiz Hakk\u0131nda<\/p>\t\t\t\t\t\t<\/div>\n\t\t\t\t<\/div>\n\t\t\t\t\t<\/div>\n\t\t\t\t<\/div>\n\t\t\t\t<section class=\"elementor-section elementor-top-section elementor-element elementor-element-caf248f elementor-section-full_width elementor-section-height-default elementor-section-height-default\" data-id=\"caf248f\" data-element_type=\"section\">\n\t\t\t\t\t\t<div class=\"elementor-container elementor-column-gap-default\">\n\t\t\t\t\t<div class=\"elementor-column elementor-col-100 elementor-top-column elementor-element elementor-element-d761b00\" data-id=\"d761b00\" data-element_type=\"column\">\n\t\t\t<div class=\"elementor-widget-wrap elementor-element-populated\">\n\t\t\t\t\t\t\t\t<section class=\"elementor-section elementor-inner-section elementor-element elementor-element-15f1eb3 elementor-section-full_width elementor-section-height-default elementor-section-height-default\" data-id=\"15f1eb3\" data-element_type=\"section\" data-settings=\"{&quot;background_background&quot;:&quot;classic&quot;}\">\n\t\t\t\t\t\t\t<div class=\"elementor-background-overlay\"><\/div>\n\t\t\t\t\t\t\t<div class=\"elementor-container elementor-column-gap-no\">\n\t\t\t\t\t<div class=\"elementor-column elementor-col-50 elementor-inner-column elementor-element elementor-element-eef3443 elementor-invisible\" data-id=\"eef3443\" data-element_type=\"column\" data-settings=\"{&quot;animation&quot;:&quot;fadeInRightSmooth&quot;}\">\n\t\t\t<div class=\"elementor-widget-wrap elementor-element-populated\">\n\t\t\t\t\t\t\t\t<div class=\"elementor-element elementor-element-4b5a1e5 elementor-widget elementor-widget-heading\" data-id=\"4b5a1e5\" data-element_type=\"widget\" data-widget_type=\"heading.default\">\n\t\t\t\t<div class=\"elementor-widget-container\">\n\t\t\t<h2 class=\"elementor-heading-title elementor-size-default\">Bizi Tan\u0131y\u0131n<\/h2>\t\t<\/div>\n\t\t\t\t<\/div>\n\t\t\t\t<div class=\"elementor-element elementor-element-c56f9ef elementor-widget elementor-widget-text-editor\" data-id=\"c56f9ef\" data-element_type=\"widget\" data-widget_type=\"text-editor.default\">\n\t\t\t\t<div class=\"elementor-widget-container\">\n\t\t\t\t\t\t\t<p>E\u011fer siz de hayallerinizi ger\u00e7e\u011fe d\u00f6n\u00fc\u015ft\u00fcrmek, yenilik\u00e7i projelerde yer almak veya profesyonel in\u015faat hizmetleriyle tan\u0131\u015fmak istiyorsan\u0131z, bizimle ileti\u015fime ge\u00e7mekten \u00e7ekinmeyin!<\/p><p>Firmam\u0131z, uzman ekibi ve deneyimli kadrosuyla m\u00fc\u015fteri memnuniyetini \u00f6n planda tutarak kaliteli ve g\u00fcvenilir in\u015faat \u00e7\u00f6z\u00fcmleri sunmaktad\u0131r. Sizlere en iyi hizmeti verebilmek ad\u0131na projelerinizi titizlikle inceliyor, ihtiya\u00e7lar\u0131n\u0131za uygun \u00f6zelle\u015ftirilmi\u015f \u00e7\u00f6z\u00fcmler sunuyoruz.<\/p><p>E\u011fer projeniz hakk\u0131nda daha fazla bilgi almak, teklif talebinde bulunmak veya sormak istedi\u011finiz herhangi bir soru varsa, bizimle ileti\u015fime ge\u00e7ebilirsiniz.<\/p>\t\t\t\t\t\t<\/div>\n\t\t\t\t<\/div>\n\t\t\t\t<div class=\"elementor-element elementor-element-04f6703 elementor-widget__width-auto elementor-mobile-align-center elementor-widget-mobile__width-inherit elementor-widget elementor-widget-button\" data-id=\"04f6703\" data-element_type=\"widget\" data-widget_type=\"button.default\">\n\t\t\t\t<div class=\"elementor-widget-container\">\n\t\t\t\t\t<div class=\"elementor-button-wrapper\">\n\t\t\t<a class=\"elementor-button elementor-button-link elementor-size-lg\" href=\"https:\/\/www.eybainsaat.com\/index.php\/iletisim\/\">\n\t\t\t\t\t\t<span class=\"elementor-button-content-wrapper\">\n\t\t\t\t\t\t<span class=\"elementor-button-text\">\u0130leti\u015fim<\/span>\n\t\t<\/span>\n\t\t\t\t\t<\/a>\n\t\t<\/div>\n\t\t\t\t<\/div>\n\t\t\t\t<\/div>\n\t\t\t\t\t<\/div>\n\t\t<\/div>\n\t\t\t\t<div class=\"elementor-column elementor-col-50 elementor-inner-column elementor-element elementor-element-820f4f7 elementor-invisible\" data-id=\"820f4f7\" data-element_type=\"column\" data-settings=\"{&quot;animation&quot;:&quot;fadeInLeftSmooth&quot;}\">\n\t\t\t<div class=\"elementor-widget-wrap\">\n\t\t\t\t\t\t\t\t\t<\/div>\n\t\t<\/div>\n\t\t\t\t\t\t\t<\/div>\n\t\t<\/section>\n\t\t\t\t\t<\/div>\n\t\t<\/div>\n\t\t\t\t\t\t\t<\/div>\n\t\t<\/section>\n\t\t\t\t\t\t\t<\/div>\n\t\t","protected":false},"excerpt":{"rendered":"<p>Otel Alacart Restaurant Proje Hakk\u0131nda Projemiz Hakk\u0131nda Bizi Tan\u0131y\u0131n E\u011fer siz de hayallerinizi ger\u00e7e\u011fe d\u00f6n\u00fc\u015ft\u00fcrmek, yenilik\u00e7i projelerde yer almak veya profesyonel in\u015faat hizmetleriyle tan\u0131\u015fmak istiyorsan\u0131z, bizimle ileti\u015fime ge\u00e7mekten \u00e7ekinmeyin! Firmam\u0131z, uzman ekibi ve deneyimli kadrosuyla m\u00fc\u015fteri memnuniyetini \u00f6n planda tutarak kaliteli ve g\u00fcvenilir in\u015faat \u00e7\u00f6z\u00fcmleri sunmaktad\u0131r. Sizlere en iyi hizmeti verebilmek ad\u0131na projelerinizi titizlikle inceliyor, [&hellip;]<\/p>\n","protected":false},"author":1,"featured_media":0,"parent":0,"menu_order":0,"comment_status":"closed","ping_status":"closed","template":"","meta":{"footnotes":""},"class_list":["post-2274","page","type-page","status-publish","hentry"],"_links":{"self":[{"href":"https:\/\/www.eybainsaat.com\/index.php\/wp-json\/wp\/v2\/pages\/2274","targetHints":{"allow":["GET"]}}],"collection":[{"href":"https:\/\/www.eybainsaat.com\/index.php\/wp-json\/wp\/v2\/pages"}],"about":[{"href":"https:\/\/www.eybainsaat.com\/index.php\/wp-json\/wp\/v2\/types\/page"}],"author":[{"embeddable":true,"href":"https:\/\/www.eybainsaat.com\/index.php\/wp-json\/wp\/v2\/users\/1"}],"replies":[{"embeddable":true,"href":"https:\/\/www.eybainsaat.com\/index.php\/wp-json\/wp\/v2\/comments?post=2274"}],"version-history":[{"count":22,"href":"https:\/\/www.eybainsaat.com\/index.php\/wp-json\/wp\/v2\/pages\/2274\/revisions"}],"predecessor-version":[{"id":2336,"href":"https:\/\/www.eybainsaat.com\/index.php\/wp-json\/wp\/v2\/pages\/2274\/revisions\/2336"}],"wp:attachment":[{"href":"https:\/\/www.eybainsaat.com\/index.php\/wp-json\/wp\/v2\/media?parent=2274"}],"curies":[{"name":"wp","href":"https:\/\/api.w.org\/{rel}","templated":true}]}}