{"id":2323,"date":"2024-02-09T18:15:23","date_gmt":"2024-02-09T15:15:23","guid":{"rendered":"https:\/\/www.eybainsaat.com\/?page_id=2323"},"modified":"2024-02-09T18:16:40","modified_gmt":"2024-02-09T15:16:40","slug":"bina-girisi","status":"publish","type":"page","link":"https:\/\/www.eybainsaat.com\/index.php\/bina-girisi\/","title":{"rendered":"Bina Giri\u015fi"},"content":{"rendered":"\t\t<div data-elementor-type=\"wp-page\" data-elementor-id=\"2323\" class=\"elementor elementor-2323\">\n\t\t\t\t\t\t\t\t\t<section class=\"elementor-section elementor-top-section elementor-element elementor-element-df0232d elementor-section-boxed elementor-section-height-default elementor-section-height-default\" data-id=\"df0232d\" data-element_type=\"section\" data-settings=\"{&quot;background_background&quot;:&quot;classic&quot;}\">\n\t\t\t\t\t\t\t<div class=\"elementor-background-overlay\"><\/div>\n\t\t\t\t\t\t\t<div class=\"elementor-container elementor-column-gap-default\">\n\t\t\t\t\t<div class=\"elementor-column elementor-col-100 elementor-top-column elementor-element elementor-element-07202cc\" data-id=\"07202cc\" data-element_type=\"column\">\n\t\t\t<div class=\"elementor-widget-wrap elementor-element-populated\">\n\t\t\t\t\t\t\t\t<section class=\"elementor-section elementor-inner-section elementor-element elementor-element-7fd9f54 elementor-section-boxed elementor-section-height-default elementor-section-height-default\" data-id=\"7fd9f54\" data-element_type=\"section\">\n\t\t\t\t\t\t<div class=\"elementor-container elementor-column-gap-default\">\n\t\t\t\t\t<div class=\"elementor-column elementor-col-50 elementor-inner-column elementor-element elementor-element-51789a5\" data-id=\"51789a5\" data-element_type=\"column\">\n\t\t\t<div class=\"elementor-widget-wrap elementor-element-populated\">\n\t\t\t\t\t\t\t\t<div class=\"elementor-element elementor-element-dccec5e elementor-widget elementor-widget-heading\" data-id=\"dccec5e\" data-element_type=\"widget\" data-widget_type=\"heading.default\">\n\t\t\t\t<div class=\"elementor-widget-container\">\n\t\t\t<style>\/*! elementor - v3.18.0 - 20-12-2023 *\/\n.elementor-heading-title{padding:0;margin:0;line-height:1}.elementor-widget-heading .elementor-heading-title[class*=elementor-size-]>a{color:inherit;font-size:inherit;line-height:inherit}.elementor-widget-heading .elementor-heading-title.elementor-size-small{font-size:15px}.elementor-widget-heading .elementor-heading-title.elementor-size-medium{font-size:19px}.elementor-widget-heading .elementor-heading-title.elementor-size-large{font-size:29px}.elementor-widget-heading .elementor-heading-title.elementor-size-xl{font-size:39px}.elementor-widget-heading .elementor-heading-title.elementor-size-xxl{font-size:59px}<\/style><h2 class=\"elementor-heading-title elementor-size-small\">bina giri\u015fi<\/h2>\t\t<\/div>\n\t\t\t\t<\/div>\n\t\t\t\t\t<\/div>\n\t\t<\/div>\n\t\t\t\t<div class=\"elementor-column elementor-col-50 elementor-inner-column elementor-element elementor-element-07ca151\" data-id=\"07ca151\" data-element_type=\"column\">\n\t\t\t<div class=\"elementor-widget-wrap\">\n\t\t\t\t\t\t\t\t\t<\/div>\n\t\t<\/div>\n\t\t\t\t\t\t\t<\/div>\n\t\t<\/section>\n\t\t\t\t\t<\/div>\n\t\t<\/div>\n\t\t\t\t\t\t\t<\/div>\n\t\t<\/section>\n\t\t<div class=\"elementor-element elementor-element-86d7d67 e-flex e-con-boxed e-con e-parent\" data-id=\"86d7d67\" data-element_type=\"container\" data-settings=\"{&quot;content_width&quot;:&quot;boxed&quot;}\" data-core-v316-plus=\"true\">\n\t\t\t\t\t<div class=\"e-con-inner\">\n\t\t\t\t<div class=\"elementor-element elementor-element-40a25ef elementor-arrows-position-inside elementor-pagination-position-outside elementor-widget elementor-widget-image-carousel\" data-id=\"40a25ef\" data-element_type=\"widget\" data-settings=\"{&quot;slides_to_show&quot;:&quot;2&quot;,&quot;navigation&quot;:&quot;both&quot;,&quot;autoplay&quot;:&quot;yes&quot;,&quot;pause_on_hover&quot;:&quot;yes&quot;,&quot;pause_on_interaction&quot;:&quot;yes&quot;,&quot;autoplay_speed&quot;:5000,&quot;infinite&quot;:&quot;yes&quot;,&quot;speed&quot;:500}\" data-widget_type=\"image-carousel.default\">\n\t\t\t\t<div class=\"elementor-widget-container\">\n\t\t\t<style>\/*! elementor - v3.18.0 - 20-12-2023 *\/\n.elementor-widget-image-carousel .swiper,.elementor-widget-image-carousel .swiper-container{position:static}.elementor-widget-image-carousel .swiper-container .swiper-slide figure,.elementor-widget-image-carousel .swiper .swiper-slide figure{line-height:inherit}.elementor-widget-image-carousel .swiper-slide{text-align:center}.elementor-image-carousel-wrapper:not(.swiper-container-initialized):not(.swiper-initialized) .swiper-slide{max-width:calc(100% \/ var(--e-image-carousel-slides-to-show, 3))}<\/style>\t\t<div class=\"elementor-image-carousel-wrapper swiper\" dir=\"ltr\">\n\t\t\t<div class=\"elementor-image-carousel swiper-wrapper swiper-image-stretch\" aria-live=\"off\">\n\t\t\t\t\t\t\t\t<div class=\"swiper-slide\" role=\"group\" aria-roledescription=\"slide\" aria-label=\"1 \/ 5\"><a data-elementor-open-lightbox=\"yes\" data-elementor-lightbox-slideshow=\"40a25ef\" data-elementor-lightbox-title=\"Bina Giris\u0327i Projesi4\" data-e-action-hash=\"#elementor-action%3Aaction%3Dlightbox%26settings%3DeyJpZCI6MjIzMywidXJsIjoiaHR0cHM6XC9cL3d3dy5leWJhaW5zYWF0LmNvbVwvd3AtY29udGVudFwvdXBsb2Fkc1wvMjAyNFwvMDFcL0JpbmEtR2lyaXNpLVByb2plc2k0LTEuanBnIiwic2xpZGVzaG93IjoiNDBhMjVlZiJ9\" href=\"https:\/\/www.eybainsaat.com\/wp-content\/uploads\/2024\/01\/Bina-Girisi-Projesi4-1.jpg\"><figure class=\"swiper-slide-inner\"><img decoding=\"async\" class=\"swiper-slide-image\" src=\"https:\/\/www.eybainsaat.com\/wp-content\/uploads\/2024\/01\/Bina-Girisi-Projesi4-1.jpg\" alt=\"Bina Giris\u0327i Projesi4\" \/><\/figure><\/a><\/div><div class=\"swiper-slide\" role=\"group\" aria-roledescription=\"slide\" aria-label=\"2 \/ 5\"><a data-elementor-open-lightbox=\"yes\" data-elementor-lightbox-slideshow=\"40a25ef\" data-elementor-lightbox-title=\"Bina Giris\u0327i Projesi3\" data-e-action-hash=\"#elementor-action%3Aaction%3Dlightbox%26settings%3DeyJpZCI6MjIzMiwidXJsIjoiaHR0cHM6XC9cL3d3dy5leWJhaW5zYWF0LmNvbVwvd3AtY29udGVudFwvdXBsb2Fkc1wvMjAyNFwvMDFcL0JpbmEtR2lyaXNpLVByb2plc2kzLTEuanBnIiwic2xpZGVzaG93IjoiNDBhMjVlZiJ9\" href=\"https:\/\/www.eybainsaat.com\/wp-content\/uploads\/2024\/01\/Bina-Girisi-Projesi3-1.jpg\"><figure class=\"swiper-slide-inner\"><img decoding=\"async\" class=\"swiper-slide-image\" src=\"https:\/\/www.eybainsaat.com\/wp-content\/uploads\/2024\/01\/Bina-Girisi-Projesi3-1.jpg\" alt=\"Bina Giris\u0327i Projesi3\" \/><\/figure><\/a><\/div><div class=\"swiper-slide\" role=\"group\" aria-roledescription=\"slide\" aria-label=\"3 \/ 5\"><a data-elementor-open-lightbox=\"yes\" data-elementor-lightbox-slideshow=\"40a25ef\" data-elementor-lightbox-title=\"Bina Giris\u0327i Projesi2\" data-e-action-hash=\"#elementor-action%3Aaction%3Dlightbox%26settings%3DeyJpZCI6MjIzMSwidXJsIjoiaHR0cHM6XC9cL3d3dy5leWJhaW5zYWF0LmNvbVwvd3AtY29udGVudFwvdXBsb2Fkc1wvMjAyNFwvMDFcL0JpbmEtR2lyaXNpLVByb2plc2kyLmpwZyIsInNsaWRlc2hvdyI6IjQwYTI1ZWYifQ%3D%3D\" href=\"https:\/\/www.eybainsaat.com\/wp-content\/uploads\/2024\/01\/Bina-Girisi-Projesi2.jpg\"><figure class=\"swiper-slide-inner\"><img decoding=\"async\" class=\"swiper-slide-image\" src=\"https:\/\/www.eybainsaat.com\/wp-content\/uploads\/2024\/01\/Bina-Girisi-Projesi2.jpg\" alt=\"Bina Giris\u0327i Projesi2\" \/><\/figure><\/a><\/div><div class=\"swiper-slide\" role=\"group\" aria-roledescription=\"slide\" aria-label=\"4 \/ 5\"><a data-elementor-open-lightbox=\"yes\" data-elementor-lightbox-slideshow=\"40a25ef\" data-elementor-lightbox-title=\"Bina Giris\u0327i Projesi4\" data-e-action-hash=\"#elementor-action%3Aaction%3Dlightbox%26settings%3DeyJpZCI6MjIyOSwidXJsIjoiaHR0cHM6XC9cL3d3dy5leWJhaW5zYWF0LmNvbVwvd3AtY29udGVudFwvdXBsb2Fkc1wvMjAyNFwvMDFcL0JpbmEtR2lyaXNpLVByb2plc2k0LmpwZyIsInNsaWRlc2hvdyI6IjQwYTI1ZWYifQ%3D%3D\" href=\"https:\/\/www.eybainsaat.com\/wp-content\/uploads\/2024\/01\/Bina-Girisi-Projesi4.jpg\"><figure class=\"swiper-slide-inner\"><img decoding=\"async\" class=\"swiper-slide-image\" src=\"https:\/\/www.eybainsaat.com\/wp-content\/uploads\/2024\/01\/Bina-Girisi-Projesi4.jpg\" alt=\"Bina Giris\u0327i Projesi4\" \/><\/figure><\/a><\/div><div class=\"swiper-slide\" role=\"group\" aria-roledescription=\"slide\" aria-label=\"5 \/ 5\"><a data-elementor-open-lightbox=\"yes\" data-elementor-lightbox-slideshow=\"40a25ef\" data-elementor-lightbox-title=\"Bina Giris\u0327i Projesi3\" data-e-action-hash=\"#elementor-action%3Aaction%3Dlightbox%26settings%3DeyJpZCI6MjIyOCwidXJsIjoiaHR0cHM6XC9cL3d3dy5leWJhaW5zYWF0LmNvbVwvd3AtY29udGVudFwvdXBsb2Fkc1wvMjAyNFwvMDFcL0JpbmEtR2lyaXNpLVByb2plc2kzLmpwZyIsInNsaWRlc2hvdyI6IjQwYTI1ZWYifQ%3D%3D\" href=\"https:\/\/www.eybainsaat.com\/wp-content\/uploads\/2024\/01\/Bina-Girisi-Projesi3.jpg\"><figure class=\"swiper-slide-inner\"><img decoding=\"async\" class=\"swiper-slide-image\" src=\"https:\/\/www.eybainsaat.com\/wp-content\/uploads\/2024\/01\/Bina-Girisi-Projesi3.jpg\" alt=\"Bina Giris\u0327i Projesi3\" \/><\/figure><\/a><\/div>\t\t\t<\/div>\n\t\t\t\t\t\t\t\t\t\t\t\t<div class=\"elementor-swiper-button elementor-swiper-button-prev\" role=\"button\" tabindex=\"0\">\n\t\t\t\t\t\t<svg aria-hidden=\"true\" class=\"e-font-icon-svg e-eicon-chevron-left\" viewBox=\"0 0 1000 1000\" xmlns=\"http:\/\/www.w3.org\/2000\/svg\"><path d=\"M646 125C629 125 613 133 604 142L308 442C296 454 292 471 292 487 292 504 296 521 308 533L604 854C617 867 629 875 646 875 663 875 679 871 692 858 704 846 713 829 713 812 713 796 708 779 692 767L438 487 692 225C700 217 708 204 708 187 708 171 704 154 692 142 675 129 663 125 646 125Z\"><\/path><\/svg>\t\t\t\t\t<\/div>\n\t\t\t\t\t<div class=\"elementor-swiper-button elementor-swiper-button-next\" role=\"button\" tabindex=\"0\">\n\t\t\t\t\t\t<svg aria-hidden=\"true\" class=\"e-font-icon-svg e-eicon-chevron-right\" viewBox=\"0 0 1000 1000\" xmlns=\"http:\/\/www.w3.org\/2000\/svg\"><path d=\"M696 533C708 521 713 504 713 487 713 471 708 454 696 446L400 146C388 133 375 125 354 125 338 125 325 129 313 142 300 154 292 171 292 187 292 204 296 221 308 233L563 492 304 771C292 783 288 800 288 817 288 833 296 850 308 863 321 871 338 875 354 875 371 875 388 867 400 854L696 533Z\"><\/path><\/svg>\t\t\t\t\t<\/div>\n\t\t\t\t\n\t\t\t\t\t\t\t\t\t<div class=\"swiper-pagination\"><\/div>\n\t\t\t\t\t\t\t\t\t<\/div>\n\t\t\t\t<\/div>\n\t\t\t\t<\/div>\n\t\t\t\t\t<\/div>\n\t\t\t\t<\/div>\n\t\t<div class=\"elementor-element elementor-element-788d69e e-flex e-con-boxed e-con e-parent\" data-id=\"788d69e\" data-element_type=\"container\" data-settings=\"{&quot;content_width&quot;:&quot;boxed&quot;}\" data-core-v316-plus=\"true\">\n\t\t\t\t\t<div class=\"e-con-inner\">\n\t\t\t\t<div class=\"elementor-element elementor-element-9783da4 elementor-widget elementor-widget-heading\" data-id=\"9783da4\" data-element_type=\"widget\" data-widget_type=\"heading.default\">\n\t\t\t\t<div class=\"elementor-widget-container\">\n\t\t\t<h2 class=\"elementor-heading-title elementor-size-default\">Proje Hakk\u0131nda<\/h2>\t\t<\/div>\n\t\t\t\t<\/div>\n\t\t\t\t<div class=\"elementor-element elementor-element-97b3e4f elementor-widget elementor-widget-text-editor\" data-id=\"97b3e4f\" data-element_type=\"widget\" data-widget_type=\"text-editor.default\">\n\t\t\t\t<div class=\"elementor-widget-container\">\n\t\t\t<style>\/*! elementor - v3.18.0 - 20-12-2023 *\/\n.elementor-widget-text-editor.elementor-drop-cap-view-stacked .elementor-drop-cap{background-color:#69727d;color:#fff}.elementor-widget-text-editor.elementor-drop-cap-view-framed .elementor-drop-cap{color:#69727d;border:3px solid;background-color:transparent}.elementor-widget-text-editor:not(.elementor-drop-cap-view-default) .elementor-drop-cap{margin-top:8px}.elementor-widget-text-editor:not(.elementor-drop-cap-view-default) .elementor-drop-cap-letter{width:1em;height:1em}.elementor-widget-text-editor .elementor-drop-cap{float:left;text-align:center;line-height:1;font-size:50px}.elementor-widget-text-editor .elementor-drop-cap-letter{display:inline-block}<\/style>\t\t\t\t<p>Projemiz Hakk\u0131nda<\/p>\t\t\t\t\t\t<\/div>\n\t\t\t\t<\/div>\n\t\t\t\t\t<\/div>\n\t\t\t\t<\/div>\n\t\t\t\t<section class=\"elementor-section elementor-top-section elementor-element elementor-element-d73caba elementor-section-boxed elementor-section-height-default elementor-section-height-default\" data-id=\"d73caba\" data-element_type=\"section\">\n\t\t\t\t\t\t<div class=\"elementor-container elementor-column-gap-default\">\n\t\t\t\t\t<div class=\"elementor-column elementor-col-100 elementor-top-column elementor-element elementor-element-22aac4c\" data-id=\"22aac4c\" data-element_type=\"column\">\n\t\t\t<div class=\"elementor-widget-wrap elementor-element-populated\">\n\t\t\t\t\t\t\t\t<section class=\"elementor-section elementor-inner-section elementor-element elementor-element-4edf2e3 elementor-section-full_width elementor-section-height-default elementor-section-height-default\" data-id=\"4edf2e3\" data-element_type=\"section\" data-settings=\"{&quot;background_background&quot;:&quot;classic&quot;}\">\n\t\t\t\t\t\t\t<div class=\"elementor-background-overlay\"><\/div>\n\t\t\t\t\t\t\t<div class=\"elementor-container elementor-column-gap-no\">\n\t\t\t\t\t<div class=\"elementor-column elementor-col-50 elementor-inner-column elementor-element elementor-element-b018cf3 elementor-invisible\" data-id=\"b018cf3\" data-element_type=\"column\" data-settings=\"{&quot;animation&quot;:&quot;fadeInRightSmooth&quot;}\">\n\t\t\t<div class=\"elementor-widget-wrap elementor-element-populated\">\n\t\t\t\t\t\t\t\t<div class=\"elementor-element elementor-element-3cbdbd8 elementor-widget elementor-widget-heading\" data-id=\"3cbdbd8\" data-element_type=\"widget\" data-widget_type=\"heading.default\">\n\t\t\t\t<div class=\"elementor-widget-container\">\n\t\t\t<h2 class=\"elementor-heading-title elementor-size-default\">Bizi Tan\u0131y\u0131n<\/h2>\t\t<\/div>\n\t\t\t\t<\/div>\n\t\t\t\t<div class=\"elementor-element elementor-element-12541f3 elementor-widget elementor-widget-text-editor\" data-id=\"12541f3\" data-element_type=\"widget\" data-widget_type=\"text-editor.default\">\n\t\t\t\t<div class=\"elementor-widget-container\">\n\t\t\t\t\t\t\t<p>E\u011fer siz de hayallerinizi ger\u00e7e\u011fe d\u00f6n\u00fc\u015ft\u00fcrmek, yenilik\u00e7i projelerde yer almak veya profesyonel in\u015faat hizmetleriyle tan\u0131\u015fmak istiyorsan\u0131z, bizimle ileti\u015fime ge\u00e7mekten \u00e7ekinmeyin!<\/p><p>Firmam\u0131z, uzman ekibi ve deneyimli kadrosuyla m\u00fc\u015fteri memnuniyetini \u00f6n planda tutarak kaliteli ve g\u00fcvenilir in\u015faat \u00e7\u00f6z\u00fcmleri sunmaktad\u0131r. Sizlere en iyi hizmeti verebilmek ad\u0131na projelerinizi titizlikle inceliyor, ihtiya\u00e7lar\u0131n\u0131za uygun \u00f6zelle\u015ftirilmi\u015f \u00e7\u00f6z\u00fcmler sunuyoruz.<\/p><p>E\u011fer projeniz hakk\u0131nda daha fazla bilgi almak, teklif talebinde bulunmak veya sormak istedi\u011finiz herhangi bir soru varsa, bizimle ileti\u015fime ge\u00e7ebilirsiniz.<\/p>\t\t\t\t\t\t<\/div>\n\t\t\t\t<\/div>\n\t\t\t\t<div class=\"elementor-element elementor-element-1f95cc6 elementor-widget__width-auto elementor-mobile-align-center elementor-widget-mobile__width-inherit elementor-widget elementor-widget-button\" data-id=\"1f95cc6\" data-element_type=\"widget\" data-widget_type=\"button.default\">\n\t\t\t\t<div class=\"elementor-widget-container\">\n\t\t\t\t\t<div class=\"elementor-button-wrapper\">\n\t\t\t<a class=\"elementor-button elementor-button-link elementor-size-lg\" href=\"https:\/\/www.eybainsaat.com\/index.php\/iletisim\/\">\n\t\t\t\t\t\t<span class=\"elementor-button-content-wrapper\">\n\t\t\t\t\t\t<span class=\"elementor-button-text\">\u0130leti\u015fim<\/span>\n\t\t<\/span>\n\t\t\t\t\t<\/a>\n\t\t<\/div>\n\t\t\t\t<\/div>\n\t\t\t\t<\/div>\n\t\t\t\t\t<\/div>\n\t\t<\/div>\n\t\t\t\t<div class=\"elementor-column elementor-col-50 elementor-inner-column elementor-element elementor-element-2c0d904 elementor-invisible\" data-id=\"2c0d904\" data-element_type=\"column\" data-settings=\"{&quot;animation&quot;:&quot;fadeInLeftSmooth&quot;}\">\n\t\t\t<div class=\"elementor-widget-wrap\">\n\t\t\t\t\t\t\t\t\t<\/div>\n\t\t<\/div>\n\t\t\t\t\t\t\t<\/div>\n\t\t<\/section>\n\t\t\t\t\t<\/div>\n\t\t<\/div>\n\t\t\t\t\t\t\t<\/div>\n\t\t<\/section>\n\t\t\t\t\t\t\t<\/div>\n\t\t","protected":false},"excerpt":{"rendered":"<p>bina giri\u015fi Proje Hakk\u0131nda Projemiz Hakk\u0131nda Bizi Tan\u0131y\u0131n E\u011fer siz de hayallerinizi ger\u00e7e\u011fe d\u00f6n\u00fc\u015ft\u00fcrmek, yenilik\u00e7i projelerde yer almak veya profesyonel in\u015faat hizmetleriyle tan\u0131\u015fmak istiyorsan\u0131z, bizimle ileti\u015fime ge\u00e7mekten \u00e7ekinmeyin! Firmam\u0131z, uzman ekibi ve deneyimli kadrosuyla m\u00fc\u015fteri memnuniyetini \u00f6n planda tutarak kaliteli ve g\u00fcvenilir in\u015faat \u00e7\u00f6z\u00fcmleri sunmaktad\u0131r. Sizlere en iyi hizmeti verebilmek ad\u0131na projelerinizi titizlikle inceliyor, ihtiya\u00e7lar\u0131n\u0131za [&hellip;]<\/p>\n","protected":false},"author":1,"featured_media":0,"parent":0,"menu_order":0,"comment_status":"closed","ping_status":"closed","template":"","meta":{"footnotes":""},"class_list":["post-2323","page","type-page","status-publish","hentry"],"_links":{"self":[{"href":"https:\/\/www.eybainsaat.com\/index.php\/wp-json\/wp\/v2\/pages\/2323","targetHints":{"allow":["GET"]}}],"collection":[{"href":"https:\/\/www.eybainsaat.com\/index.php\/wp-json\/wp\/v2\/pages"}],"about":[{"href":"https:\/\/www.eybainsaat.com\/index.php\/wp-json\/wp\/v2\/types\/page"}],"author":[{"embeddable":true,"href":"https:\/\/www.eybainsaat.com\/index.php\/wp-json\/wp\/v2\/users\/1"}],"replies":[{"embeddable":true,"href":"https:\/\/www.eybainsaat.com\/index.php\/wp-json\/wp\/v2\/comments?post=2323"}],"version-history":[{"count":4,"href":"https:\/\/www.eybainsaat.com\/index.php\/wp-json\/wp\/v2\/pages\/2323\/revisions"}],"predecessor-version":[{"id":2327,"href":"https:\/\/www.eybainsaat.com\/index.php\/wp-json\/wp\/v2\/pages\/2323\/revisions\/2327"}],"wp:attachment":[{"href":"https:\/\/www.eybainsaat.com\/index.php\/wp-json\/wp\/v2\/media?parent=2323"}],"curies":[{"name":"wp","href":"https:\/\/api.w.org\/{rel}","templated":true}]}}